{"id":756,"date":"2020-03-03T10:34:28","date_gmt":"2020-03-03T09:34:28","guid":{"rendered":"http:\/\/capozucca.it\/nuovosito\/?page_id=756"},"modified":"2020-08-28T11:21:29","modified_gmt":"2020-08-28T09:21:29","slug":"policy-informativa-cookies","status":"publish","type":"page","link":"https:\/\/capozucca.it\/nuovosito\/policy-informativa-cookies\/","title":{"rendered":"Policy &#8211; Informativa cookies"},"content":{"rendered":"<p>Capozucca Informativa estesa sui cookie<\/p>\n<p><strong>CHI E\u2019 IL RESPONSABILE DELLA PROTEZIONE DEI SUOI DATI?<\/strong><\/p>\n<p>Capozucca srl via Santa Caterina, 8 62010 Montelupone (MC), Italy<br \/>\nT +39 0733 226158 F +39 0733 226479 capozucca@capozucca.it p.iva vat number 01489670438 decide sui fini e i mezzi del trattamento dei tuoi dati ed \u00e8 il soggetto responsabile di questo sito web e di tutte le applicazioni (mobili) per quanto attiene alla presente Informativa sulla tutela dei dati personali, in conformit\u00e0 alla Legge Italiana ai sensi del D.Lgs. 196\/2003 e la normativa G.D.P.R. n.2016\/679. Capozucca srl si assume tutta la responsabilit\u00e0 della tutela e del trattamento sicuro dei tuoi dati personali per l\u2019invio di newsletter con nuove novit\u00e0 del proprio catalogo prodotti.<\/p>\n<p><strong>CHE COSA E\u2019 IMPORTANTE CHE TU SAPPIA SUI COOKIE<\/strong><\/p>\n<p><strong>Che cosa sono i cookie?<\/strong><br \/>\nI cookie sono piccoli file di testo salvati sul tuo computer o sul tuo dispositivo mobile. In questa sezione comprendiamo nel termine \u201ccookie\u201d, per comodit\u00e0, una serie di soluzioni tecniche affini: cookie, Flash cookie, web beacon e JavaScript. Non occupano molto spazio, e, una volta scaduti, saranno rimossi automaticamente. Alcuni cookie scadranno alla fine della tua sessione Internet, mentre altri rimarranno salvati per un periodo pi\u00f9 lungo, ma comunque limitato.<\/p>\n<p><strong>Perch\u00e8 usiamo i cookie?<\/strong><br \/>\nCapozucca srl usa i cookie per fare s\u00ec che la tua visita al nostro sito web sia il pi\u00f9 possibile piacevole. Ci sono diversi tipi di cookie, usati in diversi modi. Alcuni hanno la funzione di consentirle di sfogliare il sito web e di visionare determinati oggetti. Altri servono a darci un\u2019idea delle tue esperienze nel corso della tua visita, per esempio le difficolt\u00e0 che incontra nel trovare quello che cerca; in tal modo possiamo migliorare e rendere il pi\u00f9 possibile piacevoli le tue visite future.<\/p>\n<p><strong>Quali sono le tipologie di cookie che utilizziamo?<\/strong><br \/>\nI cookie pi\u00f9 importanti sono i cookie necessari essi sono indispensabili per navigare sul sito web e utilizzarne le caratteristiche fondamentali. Ci sono, poi, I performance cookies che usiamo per migliorare il nostro sito web. I performance cookies che usiamo per migliorare il nostro sito web. Teniamo anche a farti conoscere offerte che ti possono interessare. Per conseguirlo raccogliamo dati sulla navigazione. Gli interaction cookies si usano per consentirle di interagire con media sociali oppure di inviare recensioni. I Targeting cookies rilevano le tue preferenze per mostrarle annunci pubblicitari interessanti fuori dal sito. Di seguito ti presentiamo un prospetto pi\u00f9 dettagliato dei tipi di cookie che abbiamo in uso:<\/p>\n<p><strong>1.COOKIE NECESSARI<\/strong><br \/>\nsono indispensabili per la tua navigazione e la tua circolazione sul sito web e per consentirle di vedere determinati oggetti.<\/p>\n<p><strong>2.FUNCTIONALITY COOKIES<\/strong><br \/>\nci mettono in grado di rendere ancora pi\u00f9 agili le tue operazioni di visualizzazione dei nostri prodotti.<\/p>\n<p><strong>3.PERFORMANCE COOKIES<\/strong><br \/>\nci aiutano a comprendere il comportamento de nostri visitatori come acquirenti. In tal modo siamo in grado di migliorare continuamente il nostro sito web e per te sar\u00e0 pi\u00f9 facile e gradevole visualizzare il nostro sito.<\/p>\n<p><strong>4.INTERACTION COOKIES<\/strong><br \/>\nservono perch\u00e9 tu possa esprimere la tua opinione. Ci \u00e8 gradito sapere che cosa pensi dei nostri prodotti, del nostro sito web e di noi in generale. Questi cookie ti forniscono la possibilit\u00e0 di darci ad esempio un \u201cmi piace\u201d o di raccomandarci sui media sociali in pi\u00f9 ti potrebbero favorire consigli ai nostri altri clienti attuali (e potenziali) dando un voto ai nostri prodotti e recensendoli.<\/p>\n<p><strong>5.TARGETING COOKIES<\/strong><br \/>\nmanterranno il ricordo delle tue preferenze in fatto di prodotti. Siamo convinti che la pubblicit\u00e0 abbia senso soltanto se fa al caso. Questi cookie ci danno la possibilit\u00e0 di far conoscere ai nostri inserzionisti quello che ti piace. Cos\u00ec, se te, per esempio, sta navigando in Google, la pubblicit\u00e0 che vedi pu\u00f2 collimare meglio con le tue preferenze.<\/p>\n<p><strong>Cookie di terze parti utilizzati nel nostro sito<\/strong><\/p>\n<p>Nessuno<\/p>\n<p><strong>Come cancellare e disabilitare i cookie?<\/strong><br \/>\nPu\u00f2 modificare le impostazioni del tuo browser in modo che i cookie siano cancellati o non vengano salvati nel tuo computer o dispositivo mobile senza il tuo consenso esplicito. La sezione Aiuto del tuo browser ti deve fornire informazioni sul modo di gestire le tue impostazioni relative ai cookie. Qui pu\u00f2 vedere come si fa con il tuo browser:<\/p>\n<p>Internet Explorer: http:\/\/support.microsoft.com\/gp\/cookies\/en<br \/>\nMozilla Firefox: http:\/\/support.mozilla.com\/en-US\/kb\/Cookies<br \/>\nGoogleChrome: http:\/\/www.google.com\/support\/chrome\/bin\/answer.py?hl=en&amp;answer=95647<br \/>\nSafari: http:\/\/support.apple.com\/kb\/PH5042<br \/>\nOpera: http:\/\/www.opera.com\/browser\/tutorials\/security\/privacy\/<br \/>\nAdobe (plug-in for flash cookies): http:\/\/www.adobe.com\/devnet\/security.html<\/p>\n<p><strong>DATI DI NAVIGAZIONE<\/strong><br \/>\nLe precisiamo inoltre che le procedure software e il sistema informatico preposto al funzionamento dei siti web acquisiscono, nel corso del loro normale esercizio, alcuni dati la cui trasmissione \u00e8 implicita nell\u2019uso dei protocolli di comunicazione di Internet.<br \/>\nIn questa categoria di dati rientrano gli indirizzi IP o i nomi a dominio dei computer utilizzati dagli utenti che si connettono al sito, gli indirizzi in notazione URI (Uniform Resource Identifier) delle risorse richieste, l\u2019orario della richiesta, il metodo utilizzato nel sottoporre la richiesta al server, la dimensione del file ottenuto in risposta, il codice numerico indicante lo stato della risposta data dal server (buon fine, errore, ecc.) , le sezioni del sito visitate, il tipo di device utilizzato, la nazione da cui ci si connette ed altri parametri relativi al sistema operativo e all\u2019ambiente informatico dell\u2019utente.<br \/>\nQueste informazioni sono raccolte e possono essere associate (anche attraverso i cookies) a interessati identificati, questi dati saranno utilizzati solo in forma aggregata per monitorare i servizi offerti dal sito ma non saranno utilizzati per confezionare indicatori e monitorare l\u2019interessato.<br \/>\nIn particolare questi dati potranno essere utilizzati in forma aggregata dal Titolare al solo fine di ricavare informazioni statistiche anonime sull\u2019uso del sito al fine di individuare le pagine preferite dagli utenti in modo da fornire contenuti sempre pi\u00f9 adeguati, per controllarne il corretto funzionamento e sviluppare un prodotto migliore. I dati potrebbero poi anche essere utilizzati per l\u2019accertamento di responsabilit\u00e0 in caso di ipotetici reati informatici ai danni del sito.<\/p>\n<p><strong>RETI SOCIALI<\/strong><br \/>\nIl nostro sito web e le applicazioni (mobili) mettono a disposizione Social Plug-in di diverse reti sociali. Se scegli di interagire con una rete sociale, quello che fai sul nostro sito web o tramite le nostre applicazioni (mobili) potr\u00e0 essere recepito anche da reti sociali come Facebook e Twitter.<br \/>\nSe hai effettuato l\u2019accesso a una di queste reti sociali e vi rimane durante la tua visita a uno dei nostri siti web, o l\u2019uso di applicazioni (mobili), \u00e8 possibile che la rete sociale aggiunga al tuo profilo informazioni relative a tale visita. Se stai interagendo con uno dei Social Plug-in, anche queste informazioni passeranno alla rete sociale. Se non vuole autorizzare questo trasferimento di dati, esci dalla rete sociale prima di accedere a uno dei nostri siti web o di usare nostre applicazioni (mobili).<br \/>\nNoi non possiamo fare niente per influire sul rilevamento e trasferimento di dati operato dai Social Plug-in. Per informazioni dettagliate sul modo in cui la rete sociale rileva ed elabora dati, sui tuoi diritti e su come puoi impostare una tutela soddisfacente dei tuoi dati, consulti le norme sulla tutela dei dati personali adottate dalla rete sociale in questione.<\/p>\n<p>Facebook: http:\/\/www.facebook.com\/about\/privacy\/<br \/>\nTwitter: http:\/\/twitter.com\/privacy<br \/>\nGoogle +: http:\/\/www.google.com\/intl\/en\/policies\/privacy\/<\/p>\n<p><strong>DATI PERSONALI<\/strong><br \/>\nI dati personali che fornirai verranno registrati e conservati su supporti elettronici protetti e trattati con adeguate misure di sicurezza anche associandoli ed integrandoli con altri DataBase.<br \/>\nI dati forniti e quelli comunque raccolti e i cookies da te ricevuti saranno trattati dai Titolari sopra indicati esclusivamente con modalit\u00e0 e procedure necessarie per fornirti i servizi da te richiesti. I dati non saranno diffusi ma potranno essere comunicati, ove necessario per l\u2019erogazione del servizio, anche a societ\u00e0 che svolgono per nostro conto compiti di natura tecnica od organizzativa strumentali alla fornitura dei servizi richiesti.<br \/>\nSolo con il tuo espresso consenso i dati potranno essere utilizzati per effettuare analisi statistiche, indagini di mercato e invio di informazioni commerciali sui prodotti e sulle iniziative della Capozucca srl, mediante posta, telefono, posta elettronica, sms, mms. Hai inoltre la possibilit\u00e0 con il tuo espresso consenso di accordare a Capozucca srl l\u2019utilizzo dei tuoi dati per effettuare analisi statistiche, indagini di mercato e invio di informazioni commerciali sui prodotti e sulle iniziative promozionali di societ\u00e0 terze mediante posta, telefono, posta elettronica, sms, mms.<br \/>\nIl conferimento dei dati \u00e8 facoltativo, salvo per quelli indicati come obbligatori per poterle permettere di usufruire dei servizi offerti. Hai diritto di conoscere, in ogni momento, quali sono i tuoi dati e come essi sono utilizzati. Hai anche il diritto di farli aggiornare, integrare, rettificare o cancellare, chiederne il blocco ed opporsi al loro trattamento. In ogni momento potrai quindi rileggere l\u2019informativa ed eventualmente modificare i consensi precedentemente forniti, verificare e\/o modificare lo stato dei servizi attivi ed eventualmente richiedere servizi aggiuntivi.<\/p>\n<p>Questi diritti ti sono infatti riconosciuti dall\u2019art.7 del D. Lgs 196\/2003, che cos\u00ec prevede:<\/p>\n<p>&lt;&lt; Art. 7. Diritto di accesso ai dati personali ed altri diritti 1. L\u2019interessato ha diritto di ottenere la conferma dell\u2019esistenza o meno di dati personali che lo riguardano, anche se non ancora registrati, e la loro comunicazione in forma intelligibile. 2. L\u2019interessato ha diritto di ottenere l\u2019indicazione: a) dell\u2019origine dei dati personali; b) delle finalit\u00e0 e modalit\u00e0 del trattamento; c) della logica applicata in caso di trattamento effettuato con l\u2019ausilio di strumenti elettronici; d) degli estremi identificativi del titolare, dei responsabili e del rappresentante designato ai sensi dell\u2019articolo 5, comma 2; e) dei soggetti o delle categorie di soggetti ai quali i dati personali possono essere comunicati o che possono venirne a conoscenza in qualit\u00e0 di rappresentante designato nel territorio dello Stato, di responsabili o incaricati. 3. L\u2019interessato ha diritto di ottenere: a) l\u2019aggiornamento, la rettificazione ovvero, quando vi ha interesse, l\u2019integrazione dei dati; b) la cancellazione, la trasformazione in forma anonima o il blocco dei dati trattati in violazione di legge, compresi quelli di cui non \u00e8 necessaria la conservazione in relazione agli scopi per i quali i dati sono stati raccolti o successivamente trattati; c) l\u2019attestazione che le operazioni di cui alle lettere a) e b) sono state portate a conoscenza, anche per quanto riguarda il loro contenuto, di coloro ai quali i dati sono stati comunicati o diffusi, eccettuato il caso in cui tale adempimento si rivela impossibile o comporta un impiego di mezzi manifestamente sproporzionato rispetto al diritto tutelato. 4.L\u2019interessato ha diritto di opporsi, in tutto o in parte: a) per motivi legittimi al trattamento dei dati personali che lo riguardano, ancorch\u00e9 pertinenti allo scopo della raccolta; b) al trattamento di dati personali che lo riguardano a fini di invio di materiale pubblicitario o di vendita diretta o per il compimento di ricerche di mercato o di comunicazione commerciale.&gt;&gt;.<\/p>\n<p>L\u2019esercizio dei diritti di cui all\u2019art. 7 del D.Lgs 196\/03 potr\u00e0 effettuarsi separatamente presso ognuno dei suddetti autonomi titolari, ognuno per il trattamento di propria competenza, attraverso specifica comunicazione a mezzo posta indirizzata a:<\/p>\n<p><strong><em>Capozucca srl<\/em><\/strong><br \/>\n<strong><em>via Santa Caterina, 8<\/em><\/strong><br \/>\n<strong><em>62010 Montelupone (MC), Italy<\/em><\/strong><br \/>\n<strong><em>T +39 0733 226158 F +39 0733 226479<\/em><\/strong><br \/>\n<strong><em>e-mail capozucca@capozucca.it<\/em><\/strong><br \/>\n<strong><em>p.iva vat number 01489670438<\/em><\/strong><\/p>\n","protected":false},"excerpt":{"rendered":"<p>Capozucca Informativa estesa sui cookie CHI E\u2019 IL RESPONSABILE DELLA PROTEZIONE DEI SUOI DATI? Capozucca srl via Santa Caterina, 8 62010 Montelupone (MC), Italy T +39 0733 226158 F +39 0733 226479 capozucca@capozucca.it p.iva vat number 01489670438 decide sui fini e i mezzi del trattamento dei tuoi dati ed \u00e8 il soggetto responsabile di questo [&hellip;]<\/p>\n","protected":false},"author":1,"featured_media":0,"parent":0,"menu_order":0,"comment_status":"closed","ping_status":"closed","template":"","meta":{"footnotes":""},"class_list":["post-756","page","type-page","status-publish","hentry"],"_links":{"self":[{"href":"https:\/\/capozucca.it\/nuovosito\/wp-json\/wp\/v2\/pages\/756","targetHints":{"allow":["GET"]}}],"collection":[{"href":"https:\/\/capozucca.it\/nuovosito\/wp-json\/wp\/v2\/pages"}],"about":[{"href":"https:\/\/capozucca.it\/nuovosito\/wp-json\/wp\/v2\/types\/page"}],"author":[{"embeddable":true,"href":"https:\/\/capozucca.it\/nuovosito\/wp-json\/wp\/v2\/users\/1"}],"replies":[{"embeddable":true,"href":"https:\/\/capozucca.it\/nuovosito\/wp-json\/wp\/v2\/comments?post=756"}],"version-history":[{"count":8,"href":"https:\/\/capozucca.it\/nuovosito\/wp-json\/wp\/v2\/pages\/756\/revisions"}],"predecessor-version":[{"id":1046,"href":"https:\/\/capozucca.it\/nuovosito\/wp-json\/wp\/v2\/pages\/756\/revisions\/1046"}],"wp:attachment":[{"href":"https:\/\/capozucca.it\/nuovosito\/wp-json\/wp\/v2\/media?parent=756"}],"curies":[{"name":"wp","href":"https:\/\/api.w.org\/{rel}","templated":true}]}}